{"id":1399,"date":"2024-08-13T19:42:55","date_gmt":"2024-08-14T00:42:55","guid":{"rendered":"https:\/\/automatsoft.com\/website\/about-us\/"},"modified":"2025-06-30T16:25:48","modified_gmt":"2025-06-30T21:25:48","slug":"nosotros","status":"publish","type":"page","link":"https:\/\/automatsoft.com\/website\/nosotros\/","title":{"rendered":"Nosotros"},"content":{"rendered":"\t\t<div data-elementor-type=\"wp-page\" data-elementor-id=\"1399\" class=\"elementor elementor-1399\" data-elementor-post-type=\"page\">\n\t\t\t\t<div class=\"elementor-element elementor-element-5334d4d e-con-full e-flex e-con e-parent\" data-id=\"5334d4d\" data-element_type=\"container\" data-e-type=\"container\" data-settings=\"{&quot;background_background&quot;:&quot;classic&quot;}\">\n\t\t\t\t<div class=\"elementor-element elementor-element-87a067b elementor-widget elementor-widget-spacer\" data-id=\"87a067b\" data-element_type=\"widget\" data-e-type=\"widget\" data-widget_type=\"spacer.default\">\n\t\t\t\t<div class=\"elementor-widget-container\">\n\t\t\t\t\t\t\t<div class=\"elementor-spacer\">\n\t\t\t<div class=\"elementor-spacer-inner\"><\/div>\n\t\t<\/div>\n\t\t\t\t\t\t<\/div>\n\t\t\t\t<\/div>\n\t\t\t\t<div class=\"elementor-element elementor-element-b207ccd elementor-widget-mobile__width-initial elementor-widget elementor-widget-heading\" data-id=\"b207ccd\" data-element_type=\"widget\" data-e-type=\"widget\" data-widget_type=\"heading.default\">\n\t\t\t\t<div class=\"elementor-widget-container\">\n\t\t\t\t\t<h1 class=\"elementor-heading-title elementor-size-default\">L\u00edderes en soluciones tecnol\u00f3gicas: GSI impulsa el crecimiento de tu empresa<\/h1>\t\t\t\t<\/div>\n\t\t\t\t<\/div>\n\t\t\t\t<\/div>\n\t\t<div class=\"elementor-element elementor-element-ed07b5c e-flex e-con-boxed e-con e-parent\" data-id=\"ed07b5c\" data-element_type=\"container\" data-e-type=\"container\">\n\t\t\t\t\t<div class=\"e-con-inner\">\n\t\t\t\t<div class=\"elementor-element elementor-element-58fcb75 elementor-widget elementor-widget-text-editor\" data-id=\"58fcb75\" data-element_type=\"widget\" data-e-type=\"widget\" data-widget_type=\"text-editor.default\">\n\t\t\t\t<div class=\"elementor-widget-container\">\n\t\t\t\t\t\t\t\t\t<h3 data-start=\"281\" data-end=\"371\">M\u00e1s que un software, somos el motor detr\u00e1s de empresas que quieren crecer sin l\u00edmites.<\/h3><p data-start=\"373\" data-end=\"726\">Automatt naci\u00f3 con una convicci\u00f3n clara: <strong data-start=\"414\" data-end=\"477\">la tecnolog\u00eda debe estar al servicio de las empresas reales<\/strong>, de esas que d\u00eda a d\u00eda luchan por crecer, competir y cumplir sue\u00f1os.<br data-start=\"546\" data-end=\"549\" \/>Vimos c\u00f3mo muchas PyMEs manejaban su operaci\u00f3n con hojas de c\u00e1lculo, procesos aislados y sistemas obsoletos, perdiendo tiempo, dinero y oportunidades. Por eso, decidimos actuar.<\/p><p data-start=\"728\" data-end=\"999\"><strong data-start=\"728\" data-end=\"752\">Creamos Automatt ERP<\/strong> como una herramienta \u00e1gil, modular y poderosa que conecta todas las \u00e1reas de una empresa en un solo lugar: desde ventas hasta contabilidad, desde pedidos hasta seguridad y salud en el trabajo. Todo integrado, todo automatizado, todo bajo control.<\/p><p data-start=\"1001\" data-end=\"1321\">Pero no somos solo desarrolladores de software.<br data-start=\"1048\" data-end=\"1051\" \/><strong data-start=\"1051\" data-end=\"1081\">Somos aliados estrat\u00e9gicos<\/strong>, apasionados por la eficiencia, obsesionados con los resultados y comprometidos con el \u00e9xito de nuestros clientes. Nos emociona ver c\u00f3mo nuestros usuarios recuperan tiempo, toman mejores decisiones y llevan sus negocios al siguiente nivel.<\/p><p data-start=\"1323\" data-end=\"1551\">Cada m\u00f3dulo, cada funcionalidad, cada mejora en Automatt est\u00e1 inspirada en una necesidad real de quienes conf\u00edan en nosotros. Porque no creemos en soluciones gen\u00e9ricas, sino en herramientas que <strong data-start=\"1517\" data-end=\"1550\">evolucionan contigo y para ti<\/strong>.<\/p><p data-start=\"1553\" data-end=\"1760\">Hoy, seguimos creciendo junto a cientos de empresas que ya hacen parte del ecosistema Automatt. Y seguimos so\u00f1ando con un futuro donde la gesti\u00f3n empresarial no sea un problema, sino una ventaja competitiva.<\/p><p data-start=\"1762\" data-end=\"1856\"><strong data-start=\"1762\" data-end=\"1856\">Automatt ERP \u2013 Tecnolog\u00eda que entiende tu negocio, soluciones que transforman tu realidad.<\/strong><\/p>\t\t\t\t\t\t\t\t<\/div>\n\t\t\t\t<\/div>\n\t\t\t\t\t<\/div>\n\t\t\t\t<\/div>\n\t\t<div class=\"elementor-element elementor-element-6e392ff e-flex e-con-boxed e-con e-parent\" data-id=\"6e392ff\" data-element_type=\"container\" data-e-type=\"container\">\n\t\t\t\t\t<div class=\"e-con-inner\">\n\t\t<div class=\"elementor-element elementor-element-aa2a484 e-con-full e-flex e-con e-child\" data-id=\"aa2a484\" data-element_type=\"container\" data-e-type=\"container\">\n\t\t\t\t<div class=\"elementor-element elementor-element-8709dae elementor-widget elementor-widget-video\" data-id=\"8709dae\" data-element_type=\"widget\" data-e-type=\"widget\" data-settings=\"{&quot;youtube_url&quot;:&quot;https:\\\/\\\/www.youtube.com\\\/watch?v=VVq8cyw11EI&quot;,&quot;video_type&quot;:&quot;youtube&quot;,&quot;controls&quot;:&quot;yes&quot;}\" data-widget_type=\"video.default\">\n\t\t\t\t<div class=\"elementor-widget-container\">\n\t\t\t\t\t\t\t<div class=\"elementor-wrapper elementor-open-inline\">\n\t\t\t<div class=\"elementor-video\"><\/div>\t\t<\/div>\n\t\t\t\t\t\t<\/div>\n\t\t\t\t<\/div>\n\t\t\t\t<\/div>\n\t\t<div class=\"elementor-element elementor-element-4510fd0 e-con-full e-flex e-con e-child\" data-id=\"4510fd0\" data-element_type=\"container\" data-e-type=\"container\">\n\t\t\t\t<div class=\"elementor-element elementor-element-45c169f elementor-widget elementor-widget-heading\" data-id=\"45c169f\" data-element_type=\"widget\" data-e-type=\"widget\" data-widget_type=\"heading.default\">\n\t\t\t\t<div class=\"elementor-widget-container\">\n\t\t\t\t\t<h2 class=\"elementor-heading-title elementor-size-default\">Ahorra tiempo y dinero usando AUTOMAT ERP<\/h2>\t\t\t\t<\/div>\n\t\t\t\t<\/div>\n\t\t\t\t<div class=\"elementor-element elementor-element-2ca0d85 elementor-widget elementor-widget-text-editor\" data-id=\"2ca0d85\" data-element_type=\"widget\" data-e-type=\"widget\" data-widget_type=\"text-editor.default\">\n\t\t\t\t<div class=\"elementor-widget-container\">\n\t\t\t\t\t\t\t\t\t<p><strong data-start=\"325\" data-end=\"483\">En Automatt creemos que cada empresa tiene una historia \u00fanica, y que detr\u00e1s de cada factura, cada pedido y cada reporte, hay personas construyendo futuro.<\/strong> Este video refleja lo que somos: una soluci\u00f3n hecha por emprendedores, para emprendedores. Acomp\u00e1\u00f1anos a descubrir c\u00f3mo la tecnolog\u00eda puede simplificar lo complejo, automatizar lo repetitivo y liberar el verdadero potencial de tu negocio. Esto es m\u00e1s que un ERP. Esto es Automatt.<\/p>\t\t\t\t\t\t\t\t<\/div>\n\t\t\t\t<\/div>\n\t\t\t\t<\/div>\n\t\t\t\t\t<\/div>\n\t\t\t\t<\/div>\n\t\t\t\t<\/div>\n\t\t","protected":false},"excerpt":{"rendered":"<p>L\u00edderes en soluciones tecnol\u00f3gicas: GSI impulsa el crecimiento de tu empresa M\u00e1s que un software, somos el motor detr\u00e1s de empresas que quieren crecer sin l\u00edmites. Automatt naci\u00f3 con una convicci\u00f3n clara: la tecnolog\u00eda debe estar al servicio de las empresas reales, de esas que d\u00eda a d\u00eda luchan por crecer, competir y cumplir sue\u00f1os.Vimos [&hellip;]<\/p>\n","protected":false},"author":1,"featured_media":0,"parent":0,"menu_order":0,"comment_status":"closed","ping_status":"closed","template":"","meta":{"_uag_custom_page_level_css":"","site-sidebar-layout":"default","site-content-layout":"page-builder","ast-site-content-layout":"full-width-container","site-content-style":"unboxed","site-sidebar-style":"unboxed","ast-global-header-display":"","ast-banner-title-visibility":"","ast-main-header-display":"","ast-hfb-above-header-display":"","ast-hfb-below-header-display":"","ast-hfb-mobile-header-display":"","site-post-title":"disabled","ast-breadcrumbs-content":"","ast-featured-img":"","footer-sml-layout":"","theme-transparent-header-meta":"","adv-header-id-meta":"","stick-header-meta":"","header-above-stick-meta":"","header-main-stick-meta":"","header-below-stick-meta":"","astra-migrate-meta-layouts":"set","ast-page-background-enabled":"default","ast-page-background-meta":{"desktop":{"background-color":"","background-image":"","background-repeat":"repeat","background-position":"center center","background-size":"auto","background-attachment":"scroll","background-type":"","background-media":"","overlay-type":"","overlay-color":"","overlay-opacity":"","overlay-gradient":""},"tablet":{"background-color":"","background-image":"","background-repeat":"repeat","background-position":"center center","background-size":"auto","background-attachment":"scroll","background-type":"","background-media":"","overlay-type":"","overlay-color":"","overlay-opacity":"","overlay-gradient":""},"mobile":{"background-color":"","background-image":"","background-repeat":"repeat","background-position":"center center","background-size":"auto","background-attachment":"scroll","background-type":"","background-media":"","overlay-type":"","overlay-color":"","overlay-opacity":"","overlay-gradient":""}},"ast-content-background-meta":{"desktop":{"background-color":"var(--ast-global-color-5)","background-image":"","background-repeat":"repeat","background-position":"center center","background-size":"auto","background-attachment":"scroll","background-type":"","background-media":"","overlay-type":"","overlay-color":"","overlay-opacity":"","overlay-gradient":""},"tablet":{"background-color":"var(--ast-global-color-5)","background-image":"","background-repeat":"repeat","background-position":"center center","background-size":"auto","background-attachment":"scroll","background-type":"","background-media":"","overlay-type":"","overlay-color":"","overlay-opacity":"","overlay-gradient":""},"mobile":{"background-color":"var(--ast-global-color-5)","background-image":"","background-repeat":"repeat","background-position":"center center","background-size":"auto","background-attachment":"scroll","background-type":"","background-media":"","overlay-type":"","overlay-color":"","overlay-opacity":"","overlay-gradient":""}},"footnotes":""},"class_list":["post-1399","page","type-page","status-publish","hentry"],"uagb_featured_image_src":{"full":false,"thumbnail":false,"medium":false,"medium_large":false,"large":false,"1536x1536":false,"2048x2048":false},"uagb_author_info":{"display_name":"adminsite","author_link":"https:\/\/automatsoft.com\/website\/author\/adminsite\/"},"uagb_comment_info":0,"uagb_excerpt":"L\u00edderes en soluciones tecnol\u00f3gicas: GSI impulsa el crecimiento de tu empresa M\u00e1s que un software, somos el motor detr\u00e1s de empresas que quieren crecer sin l\u00edmites. Automatt naci\u00f3 con una convicci\u00f3n clara: la tecnolog\u00eda debe estar al servicio de las empresas reales, de esas que d\u00eda a d\u00eda luchan por crecer, competir y cumplir sue\u00f1os.Vimos&hellip;","_links":{"self":[{"href":"https:\/\/automatsoft.com\/website\/wp-json\/wp\/v2\/pages\/1399","targetHints":{"allow":["GET"]}}],"collection":[{"href":"https:\/\/automatsoft.com\/website\/wp-json\/wp\/v2\/pages"}],"about":[{"href":"https:\/\/automatsoft.com\/website\/wp-json\/wp\/v2\/types\/page"}],"author":[{"embeddable":true,"href":"https:\/\/automatsoft.com\/website\/wp-json\/wp\/v2\/users\/1"}],"replies":[{"embeddable":true,"href":"https:\/\/automatsoft.com\/website\/wp-json\/wp\/v2\/comments?post=1399"}],"version-history":[{"count":35,"href":"https:\/\/automatsoft.com\/website\/wp-json\/wp\/v2\/pages\/1399\/revisions"}],"predecessor-version":[{"id":2300,"href":"https:\/\/automatsoft.com\/website\/wp-json\/wp\/v2\/pages\/1399\/revisions\/2300"}],"wp:attachment":[{"href":"https:\/\/automatsoft.com\/website\/wp-json\/wp\/v2\/media?parent=1399"}],"curies":[{"name":"wp","href":"https:\/\/api.w.org\/{rel}","templated":true}]}}