{"id":1843,"date":"2024-11-21T16:38:07","date_gmt":"2024-11-21T21:38:07","guid":{"rendered":"https:\/\/automatsoft.com\/website\/?page_id=1843"},"modified":"2024-11-21T16:39:03","modified_gmt":"2024-11-21T21:39:03","slug":"politicas-y-privacidad-de-los-datos","status":"publish","type":"page","link":"https:\/\/automatsoft.com\/website\/politicas-y-privacidad-de-los-datos\/","title":{"rendered":"Politicas y privacidad de los datos"},"content":{"rendered":"\t\t<div data-elementor-type=\"wp-page\" data-elementor-id=\"1843\" class=\"elementor elementor-1843\" data-elementor-post-type=\"page\">\n\t\t\t\t<div class=\"elementor-element elementor-element-8eda60b e-flex e-con-boxed e-con e-parent\" data-id=\"8eda60b\" data-element_type=\"container\" data-e-type=\"container\">\n\t\t\t\t\t<div class=\"e-con-inner\">\n\t\t\t\t<div class=\"elementor-element elementor-element-5028961 elementor-widget elementor-widget-text-editor\" data-id=\"5028961\" data-element_type=\"widget\" data-e-type=\"widget\" data-widget_type=\"text-editor.default\">\n\t\t\t\t<div class=\"elementor-widget-container\">\n\t\t\t\t\t\t\t\t\t<p><strong>\u00a0<\/strong><\/p><p><strong>Fecha de \u00faltima actualizaci\u00f3n:<\/strong> 21\/11\/2024<\/p><p><strong>\u00a0<\/strong><\/p><p><strong>General Systems Informatic GSI S.A.S.<\/strong> (en adelante, \u00abAutomatsoft.com\u00bb) se compromete a la protecci\u00f3n de la privacidad y la seguridad de los datos personales de los usuarios y clientes que accedan a nuestro sitio web <strong>automatsoft.com<\/strong> (en adelante, \u00abSitio Web\u00bb). En cumplimiento con la <strong>Ley 1581 de 2012<\/strong> de Protecci\u00f3n de Datos Personales y dem\u00e1s normas colombianas aplicables, hemos establecido esta Pol\u00edtica de Protecci\u00f3n de Datos Personales, con el fin de informar sobre c\u00f3mo recopilamos, usamos, compartimos y protegemos la informaci\u00f3n personal que nos proporcionan.<\/p><ol><li><strong> Definiciones<\/strong><\/li><\/ol><p>Para efectos de esta pol\u00edtica, se entender\u00e1n los siguientes t\u00e9rminos seg\u00fan su definici\u00f3n legal:<\/p><ul><li><strong>Datos Personales:<\/strong> Cualquier informaci\u00f3n vinculada o que pueda asociarse a una persona natural.<\/li><li><strong>Tratamiento:<\/strong> Cualquier operaci\u00f3n realizada sobre los datos personales, tales como la recolecci\u00f3n, almacenamiento, uso, circulaci\u00f3n, entre otros.<\/li><li><strong>Titular:<\/strong> La persona natural cuyo dato personal es objeto de tratamiento.<\/li><li><strong>Responsable del Tratamiento:<\/strong> Automatsoft, como empresa encargada de la recolecci\u00f3n y tratamiento de los datos personales.<\/li><\/ul><ol start=\"2\"><li><strong> Responsable del Tratamiento<\/strong><\/li><\/ol><p>El responsable del tratamiento de los datos personales es <strong>General Systems Informatic GSI S.A.S.<\/strong>, con NIT 900.944.319-1 y domicilio en Cra 19A # 63 -30. Para cualquier consulta o solicitud relacionada con el tratamiento de datos personales, puede contactarnos al correo electr\u00f3nico: <strong>admin@automatsoft.com.<\/strong><\/p><ol start=\"3\"><li><strong> Tipos de Datos Personales que Recopilamos<\/strong><\/li><\/ol><p>Recopilamos los siguientes tipos de datos personales cuando los usuarios acceden a nuestro Sitio Web:<\/p><ul><li><strong>Datos de contacto:<\/strong> nombre, direcci\u00f3n de correo electr\u00f3nico, n\u00famero de tel\u00e9fono.<\/li><li><strong>Datos de navegaci\u00f3n:<\/strong> informaci\u00f3n t\u00e9cnica como direcciones IP, tipo de navegador, p\u00e1ginas visitadas y duraci\u00f3n de la visita.<\/li><\/ul><ol start=\"4\"><li><strong> Finalidades del Tratamiento<\/strong><\/li><\/ol><p>Los datos personales que recolectamos ser\u00e1n tratados para las siguientes finalidades:<\/p><ul><li><strong>Proveer servicios y productos:<\/strong> Gestionar solicitudes de informaci\u00f3n, realizar ventas y cumplir con los compromisos adquiridos con los usuarios.<\/li><li><strong>Mejorar la experiencia del usuario:<\/strong> Analizar la navegaci\u00f3n y preferencias del usuario para mejorar el contenido, dise\u00f1o y funcionalidades de nuestro Sitio Web.<\/li><li><strong>Comunicaci\u00f3n y marketing:<\/strong> Enviar comunicaciones sobre actualizaciones de productos, promociones o novedades relacionadas con nuestros servicios, siempre y cuando el usuario haya otorgado su consentimiento.<\/li><li><strong>Cumplir con obligaciones legales y contractuales:<\/strong> Gestionar y reportar datos conforme a las leyes colombianas, incluida la informaci\u00f3n necesaria para la facturaci\u00f3n, contabilidad y otros aspectos administrativos.<\/li><\/ul><ol start=\"5\"><li><strong> Derechos del Titular de los Datos<\/strong><\/li><\/ol><p>El Titular de los datos personales tiene los siguientes derechos:<\/p><ul><li><strong>Acceso:<\/strong> Conocer si en Automatsoft.com tratamos sus datos personales y obtener una copia de los mismos.<\/li><li><strong>Correcci\u00f3n:<\/strong> Solicitar la correcci\u00f3n de datos personales cuando estos sean inexactos o incompletos.<\/li><li><strong>Cancelaci\u00f3n:<\/strong> Solicitar la cancelaci\u00f3n o supresi\u00f3n de sus datos personales cuando considere que no es necesario el tratamiento.<\/li><li><strong>Oposici\u00f3n:<\/strong> Oponerse al tratamiento de sus datos personales en determinadas circunstancias.<\/li><li><strong>Revocaci\u00f3n del Consentimiento:<\/strong> Revocar en cualquier momento el consentimiento otorgado para el tratamiento de datos, sin que afecte la legalidad del tratamiento previo a la revocaci\u00f3n.<\/li><\/ul><p>Para ejercer estos derechos, el Titular podr\u00e1 enviar una solicitud escrita al correo<strong>: admin@automatsoft.com,<\/strong> Las solicitudes ser\u00e1n atendidas de acuerdo con lo dispuesto por la ley.<\/p><ol start=\"6\"><li><strong> Medidas de Seguridad<\/strong><\/li><\/ol><p>Automatsoft.com implementa medidas t\u00e9cnicas, organizativas y f\u00edsicas adecuadas para garantizar la seguridad de los datos personales de los usuarios, evitando su adulteraci\u00f3n, p\u00e9rdida, consulta, uso o acceso no autorizado. Sin embargo, debido a la naturaleza de Internet, no podemos garantizar la seguridad absoluta de la informaci\u00f3n.<\/p><ol start=\"7\"><li><strong> Transferencia de Datos Personales<\/strong><\/li><\/ol><p>Los datos personales recolectados por Automatsoft.com podr\u00e1n ser transferidos a terceros cuando sea necesario para cumplir con las finalidades descritas en esta pol\u00edtica, o en cumplimiento de una obligaci\u00f3n legal o contractual. Dichos terceros estar\u00e1n sujetos a pol\u00edticas de privacidad que garanticen la protecci\u00f3n de los datos personales.<\/p><p>\u00a0<\/p><ol start=\"8\"><li><strong> Uso de Cookies y Tecnolog\u00edas Similares<\/strong><\/li><\/ol><p>Nuestro Sitio Web utiliza cookies y tecnolog\u00edas similares para mejorar la experiencia de navegaci\u00f3n. Estas herramientas permiten recordar preferencias, personalizar el contenido y analizar el tr\u00e1fico. Si el usuario no desea que se utilicen cookies, puede configurar su navegador para bloquearlas o eliminar las existentes. Sin embargo, algunas funcionalidades del Sitio Web podr\u00edan verse afectadas.<\/p><ol start=\"9\"><li><strong> Modificaci\u00f3n de la Pol\u00edtica<\/strong><\/li><\/ol><p>GSI SAS se reserva el derecho de modificar esta Pol\u00edtica de Protecci\u00f3n de Datos Personales en cualquier momento. Cualquier cambio ser\u00e1 notificado a trav\u00e9s de nuestro Sitio Web o por correo electr\u00f3nico a los usuarios registrados. Las modificaciones entrar\u00e1n en vigor al momento de su publicaci\u00f3n.<\/p><ol start=\"10\"><li><strong> Vigencia<\/strong><\/li><\/ol><p>Esta pol\u00edtica entra en vigor a partir de la fecha de su publicaci\u00f3n en el Sitio Web. Los cambios realizados en la misma ser\u00e1n informados oportunamente.<\/p><p><strong>Firma:<\/strong> General Systems Informatic GSI S.A.S.<\/p><p>\u00a0<\/p>\t\t\t\t\t\t\t\t<\/div>\n\t\t\t\t<\/div>\n\t\t\t\t\t<\/div>\n\t\t\t\t<\/div>\n\t\t\t\t<\/div>\n\t\t","protected":false},"excerpt":{"rendered":"<p>\u00a0 Fecha de \u00faltima actualizaci\u00f3n: 21\/11\/2024 \u00a0 General Systems Informatic GSI S.A.S. (en adelante, \u00abAutomatsoft.com\u00bb) se compromete a la protecci\u00f3n de la privacidad y la seguridad de los datos personales de los usuarios y clientes que accedan a nuestro sitio web automatsoft.com (en adelante, \u00abSitio Web\u00bb). En cumplimiento con la Ley 1581 de 2012 de [&hellip;]<\/p>\n","protected":false},"author":1,"featured_media":0,"parent":0,"menu_order":0,"comment_status":"closed","ping_status":"closed","template":"","meta":{"_uag_custom_page_level_css":"","site-sidebar-layout":"no-sidebar","site-content-layout":"page-builder","ast-site-content-layout":"full-width-container","site-content-style":"default","site-sidebar-style":"default","ast-global-header-display":"","ast-banner-title-visibility":"","ast-main-header-display":"","ast-hfb-above-header-display":"","ast-hfb-below-header-display":"","ast-hfb-mobile-header-display":"","site-post-title":"disabled","ast-breadcrumbs-content":"","ast-featured-img":"disabled","footer-sml-layout":"","theme-transparent-header-meta":"","adv-header-id-meta":"","stick-header-meta":"","header-above-stick-meta":"","header-main-stick-meta":"","header-below-stick-meta":"","astra-migrate-meta-layouts":"set","ast-page-background-enabled":"default","ast-page-background-meta":{"desktop":{"background-color":"","background-image":"","background-repeat":"repeat","background-position":"center center","background-size":"auto","background-attachment":"scroll","background-type":"","background-media":"","overlay-type":"","overlay-color":"","overlay-opacity":"","overlay-gradient":""},"tablet":{"background-color":"","background-image":"","background-repeat":"repeat","background-position":"center center","background-size":"auto","background-attachment":"scroll","background-type":"","background-media":"","overlay-type":"","overlay-color":"","overlay-opacity":"","overlay-gradient":""},"mobile":{"background-color":"","background-image":"","background-repeat":"repeat","background-position":"center center","background-size":"auto","background-attachment":"scroll","background-type":"","background-media":"","overlay-type":"","overlay-color":"","overlay-opacity":"","overlay-gradient":""}},"ast-content-background-meta":{"desktop":{"background-color":"var(--ast-global-color-5)","background-image":"","background-repeat":"repeat","background-position":"center center","background-size":"auto","background-attachment":"scroll","background-type":"","background-media":"","overlay-type":"","overlay-color":"","overlay-opacity":"","overlay-gradient":""},"tablet":{"background-color":"var(--ast-global-color-5)","background-image":"","background-repeat":"repeat","background-position":"center center","background-size":"auto","background-attachment":"scroll","background-type":"","background-media":"","overlay-type":"","overlay-color":"","overlay-opacity":"","overlay-gradient":""},"mobile":{"background-color":"var(--ast-global-color-5)","background-image":"","background-repeat":"repeat","background-position":"center center","background-size":"auto","background-attachment":"scroll","background-type":"","background-media":"","overlay-type":"","overlay-color":"","overlay-opacity":"","overlay-gradient":""}},"footnotes":""},"class_list":["post-1843","page","type-page","status-publish","hentry"],"uagb_featured_image_src":{"full":false,"thumbnail":false,"medium":false,"medium_large":false,"large":false,"1536x1536":false,"2048x2048":false},"uagb_author_info":{"display_name":"adminsite","author_link":"https:\/\/automatsoft.com\/website\/author\/adminsite\/"},"uagb_comment_info":0,"uagb_excerpt":"\u00a0 Fecha de \u00faltima actualizaci\u00f3n: 21\/11\/2024 \u00a0 General Systems Informatic GSI S.A.S. (en adelante, \u00abAutomatsoft.com\u00bb) se compromete a la protecci\u00f3n de la privacidad y la seguridad de los datos personales de los usuarios y clientes que accedan a nuestro sitio web automatsoft.com (en adelante, \u00abSitio Web\u00bb). En cumplimiento con la Ley 1581 de 2012 de&hellip;","_links":{"self":[{"href":"https:\/\/automatsoft.com\/website\/wp-json\/wp\/v2\/pages\/1843","targetHints":{"allow":["GET"]}}],"collection":[{"href":"https:\/\/automatsoft.com\/website\/wp-json\/wp\/v2\/pages"}],"about":[{"href":"https:\/\/automatsoft.com\/website\/wp-json\/wp\/v2\/types\/page"}],"author":[{"embeddable":true,"href":"https:\/\/automatsoft.com\/website\/wp-json\/wp\/v2\/users\/1"}],"replies":[{"embeddable":true,"href":"https:\/\/automatsoft.com\/website\/wp-json\/wp\/v2\/comments?post=1843"}],"version-history":[{"count":4,"href":"https:\/\/automatsoft.com\/website\/wp-json\/wp\/v2\/pages\/1843\/revisions"}],"predecessor-version":[{"id":1847,"href":"https:\/\/automatsoft.com\/website\/wp-json\/wp\/v2\/pages\/1843\/revisions\/1847"}],"wp:attachment":[{"href":"https:\/\/automatsoft.com\/website\/wp-json\/wp\/v2\/media?parent=1843"}],"curies":[{"name":"wp","href":"https:\/\/api.w.org\/{rel}","templated":true}]}}