{"id":2920,"date":"2026-01-07T12:03:13","date_gmt":"2026-01-07T17:03:13","guid":{"rendered":"https:\/\/automatsoft.com\/website\/?page_id=2920"},"modified":"2026-03-04T10:14:23","modified_gmt":"2026-03-04T15:14:23","slug":"control-iluminacion-exterior","status":"publish","type":"page","link":"https:\/\/automatsoft.com\/website\/control-iluminacion-exterior\/","title":{"rendered":"control-Iluminacion-exterior"},"content":{"rendered":"\t\t<div data-elementor-type=\"wp-page\" data-elementor-id=\"2920\" class=\"elementor elementor-2920\" data-elementor-post-type=\"page\">\n\t\t\t\t<div class=\"elementor-element elementor-element-a72b122 e-flex e-con-boxed e-con e-parent\" data-id=\"a72b122\" data-element_type=\"container\" data-e-type=\"container\">\n\t\t\t\t\t<div class=\"e-con-inner\">\n\t\t\t\t<div class=\"elementor-element elementor-element-3cbeb54 elementor-widget elementor-widget-heading\" data-id=\"3cbeb54\" data-element_type=\"widget\" data-e-type=\"widget\" data-widget_type=\"heading.default\">\n\t\t\t\t<div class=\"elementor-widget-container\">\n\t\t\t\t\t<h2 class=\"elementor-heading-title elementor-size-default\">Control iluminaci\u00f3n <\/h2>\t\t\t\t<\/div>\n\t\t\t\t<\/div>\n\t\t\t\t\t<\/div>\n\t\t\t\t<\/div>\n\t\t<div class=\"elementor-element elementor-element-0faff25 e-flex e-con-boxed e-con e-parent\" data-id=\"0faff25\" data-element_type=\"container\" data-e-type=\"container\">\n\t\t\t\t\t<div class=\"e-con-inner\">\n\t\t\t\t<div class=\"elementor-element elementor-element-2d30bbf elementor-widget elementor-widget-image\" data-id=\"2d30bbf\" data-element_type=\"widget\" data-e-type=\"widget\" data-widget_type=\"image.default\">\n\t\t\t\t<div class=\"elementor-widget-container\">\n\t\t\t\t\t\t\t\t\t\t\t\t\t\t\t<img fetchpriority=\"high\" decoding=\"async\" width=\"768\" height=\"1366\" src=\"https:\/\/automatsoft.com\/website\/wp-content\/uploads\/2026\/03\/WhatsApp-Image-2026-02-27-at-10.05.41-AM-2-768x1366.jpeg\" class=\"attachment-medium_large size-medium_large wp-image-3107\" alt=\"\" srcset=\"https:\/\/automatsoft.com\/website\/wp-content\/uploads\/2026\/03\/WhatsApp-Image-2026-02-27-at-10.05.41-AM-2-768x1366.jpeg 768w, https:\/\/automatsoft.com\/website\/wp-content\/uploads\/2026\/03\/WhatsApp-Image-2026-02-27-at-10.05.41-AM-2-169x300.jpeg 169w, https:\/\/automatsoft.com\/website\/wp-content\/uploads\/2026\/03\/WhatsApp-Image-2026-02-27-at-10.05.41-AM-2-576x1024.jpeg 576w, https:\/\/automatsoft.com\/website\/wp-content\/uploads\/2026\/03\/WhatsApp-Image-2026-02-27-at-10.05.41-AM-2-864x1536.jpeg 864w, https:\/\/automatsoft.com\/website\/wp-content\/uploads\/2026\/03\/WhatsApp-Image-2026-02-27-at-10.05.41-AM-2.jpeg 899w\" sizes=\"(max-width: 768px) 100vw, 768px\" \/>\t\t\t\t\t\t\t\t\t\t\t\t\t\t\t<\/div>\n\t\t\t\t<\/div>\n\t\t\t\t\t<\/div>\n\t\t\t\t<\/div>\n\t\t<div class=\"elementor-element elementor-element-f16f66a e-flex e-con-boxed e-con e-parent\" data-id=\"f16f66a\" data-element_type=\"container\" data-e-type=\"container\">\n\t\t\t\t\t<div class=\"e-con-inner\">\n\t\t\t\t<div class=\"elementor-element elementor-element-a446601 elementor-widget elementor-widget-heading\" data-id=\"a446601\" data-element_type=\"widget\" data-e-type=\"widget\" data-widget_type=\"heading.default\">\n\t\t\t\t<div class=\"elementor-widget-container\">\n\t\t\t\t\t<h2 class=\"elementor-heading-title elementor-size-default\">Iluminaci\u00f3n inteligente para fachadas grandes: control digital, efectos din\u00e1micos, bajo consumo, f\u00e1cil configuraci\u00f3n y m\u00e1ximo impacto visual para destacar tu espacio.<\/h2>\t\t\t\t<\/div>\n\t\t\t\t<\/div>\n\t\t\t\t\t<\/div>\n\t\t\t\t<\/div>\n\t\t\t\t<section class=\"elementor-section elementor-top-section elementor-element elementor-element-3624b6c elementor-section-boxed elementor-section-height-default elementor-section-height-default\" data-id=\"3624b6c\" data-element_type=\"section\" data-e-type=\"section\">\n\t\t\t\t\t\t<div class=\"elementor-container elementor-column-gap-default\">\n\t\t\t\t\t<div class=\"elementor-column elementor-col-100 elementor-top-column elementor-element elementor-element-04af764\" data-id=\"04af764\" data-element_type=\"column\" data-e-type=\"column\">\n\t\t\t<div class=\"elementor-widget-wrap elementor-element-populated\">\n\t\t\t\t\t\t<section class=\"elementor-section elementor-inner-section elementor-element elementor-element-e96731f elementor-section-boxed elementor-section-height-default elementor-section-height-default\" data-id=\"e96731f\" data-element_type=\"section\" data-e-type=\"section\">\n\t\t\t\t\t\t<div class=\"elementor-container elementor-column-gap-no\">\n\t\t\t\t\t<div class=\"elementor-column elementor-col-25 elementor-inner-column elementor-element elementor-element-eb88659\" data-id=\"eb88659\" data-element_type=\"column\" data-e-type=\"column\">\n\t\t\t<div class=\"elementor-widget-wrap elementor-element-populated\">\n\t\t\t\t\t\t<div class=\"elementor-element elementor-element-566d153 elementor-widget elementor-widget-image\" data-id=\"566d153\" data-element_type=\"widget\" data-e-type=\"widget\" data-widget_type=\"image.default\">\n\t\t\t\t<div class=\"elementor-widget-container\">\n\t\t\t\t\t\t\t\t\t\t\t\t\t\t\t<img decoding=\"async\" width=\"640\" height=\"640\" src=\"https:\/\/automatsoft.com\/website\/wp-content\/uploads\/2025\/06\/investment.gif\" class=\"attachment-large size-large wp-image-2234\" alt=\"\" \/>\t\t\t\t\t\t\t\t\t\t\t\t\t\t\t<\/div>\n\t\t\t\t<\/div>\n\t\t\t\t<div class=\"elementor-element elementor-element-f1a06b5 elementor-widget elementor-widget-heading\" data-id=\"f1a06b5\" data-element_type=\"widget\" data-e-type=\"widget\" data-widget_type=\"heading.default\">\n\t\t\t\t<div class=\"elementor-widget-container\">\n\t\t\t\t\t<h3 class=\"elementor-heading-title elementor-size-default\">F\u00e1cil configuraci\u00f3n <\/h3>\t\t\t\t<\/div>\n\t\t\t\t<\/div>\n\t\t\t\t<div class=\"elementor-element elementor-element-79da144 elementor-widget elementor-widget-text-editor\" data-id=\"79da144\" data-element_type=\"widget\" data-e-type=\"widget\" data-widget_type=\"text-editor.default\">\n\t\t\t\t<div class=\"elementor-widget-container\">\n\t\t\t\t\t\t\t\t\t<p>No necesitas tener personal especializado para cambiar tus colores, hazlo tu mismo!<\/p>\t\t\t\t\t\t\t\t<\/div>\n\t\t\t\t<\/div>\n\t\t\t\t\t<\/div>\n\t\t<\/div>\n\t\t\t\t<div class=\"elementor-column elementor-col-25 elementor-inner-column elementor-element elementor-element-775d582\" data-id=\"775d582\" data-element_type=\"column\" data-e-type=\"column\">\n\t\t\t<div class=\"elementor-widget-wrap elementor-element-populated\">\n\t\t\t\t\t\t<div class=\"elementor-element elementor-element-4b447da elementor-widget elementor-widget-image\" data-id=\"4b447da\" data-element_type=\"widget\" data-e-type=\"widget\" data-widget_type=\"image.default\">\n\t\t\t\t<div class=\"elementor-widget-container\">\n\t\t\t\t\t\t\t\t\t\t\t\t\t\t\t<img decoding=\"async\" width=\"640\" height=\"640\" src=\"https:\/\/automatsoft.com\/website\/wp-content\/uploads\/2025\/06\/18307635-verde.gif\" class=\"attachment-large size-large wp-image-1956\" alt=\"\" \/>\t\t\t\t\t\t\t\t\t\t\t\t\t\t\t<\/div>\n\t\t\t\t<\/div>\n\t\t\t\t<div class=\"elementor-element elementor-element-a0515f5 elementor-widget elementor-widget-heading\" data-id=\"a0515f5\" data-element_type=\"widget\" data-e-type=\"widget\" data-widget_type=\"heading.default\">\n\t\t\t\t<div class=\"elementor-widget-container\">\n\t\t\t\t\t<h3 class=\"elementor-heading-title elementor-size-default\">Control total de los colores<\/h3>\t\t\t\t<\/div>\n\t\t\t\t<\/div>\n\t\t\t\t<div class=\"elementor-element elementor-element-f44ee84 elementor-widget elementor-widget-text-editor\" data-id=\"f44ee84\" data-element_type=\"widget\" data-e-type=\"widget\" data-widget_type=\"text-editor.default\">\n\t\t\t\t<div class=\"elementor-widget-container\">\n\t\t\t\t\t\t\t\t\t<p>El sistema cuenta con 20 colores y combinaciones de colores seg\u00fan la etapa del a\u00f1o.<\/p>\t\t\t\t\t\t\t\t<\/div>\n\t\t\t\t<\/div>\n\t\t\t\t\t<\/div>\n\t\t<\/div>\n\t\t\t\t<div class=\"elementor-column elementor-col-25 elementor-inner-column elementor-element elementor-element-9875f59\" data-id=\"9875f59\" data-element_type=\"column\" data-e-type=\"column\">\n\t\t\t<div class=\"elementor-widget-wrap elementor-element-populated\">\n\t\t\t\t\t\t<div class=\"elementor-element elementor-element-8dc695b elementor-widget elementor-widget-image\" data-id=\"8dc695b\" data-element_type=\"widget\" data-e-type=\"widget\" data-widget_type=\"image.default\">\n\t\t\t\t<div class=\"elementor-widget-container\">\n\t\t\t\t\t\t\t\t\t\t\t\t\t\t\t<img loading=\"lazy\" decoding=\"async\" width=\"640\" height=\"640\" src=\"https:\/\/automatsoft.com\/website\/wp-content\/uploads\/2025\/06\/storage.gif\" class=\"attachment-2048x2048 size-2048x2048 wp-image-2014\" alt=\"\" \/>\t\t\t\t\t\t\t\t\t\t\t\t\t\t\t<\/div>\n\t\t\t\t<\/div>\n\t\t\t\t<div class=\"elementor-element elementor-element-b5adb48 elementor-widget elementor-widget-heading\" data-id=\"b5adb48\" data-element_type=\"widget\" data-e-type=\"widget\" data-widget_type=\"heading.default\">\n\t\t\t\t<div class=\"elementor-widget-container\">\n\t\t\t\t\t<h3 class=\"elementor-heading-title elementor-size-default\">F\u00e1cil implementaci\u00f3n<\/h3>\t\t\t\t<\/div>\n\t\t\t\t<\/div>\n\t\t\t\t<div class=\"elementor-element elementor-element-c520744 elementor-widget elementor-widget-text-editor\" data-id=\"c520744\" data-element_type=\"widget\" data-e-type=\"widget\" data-widget_type=\"text-editor.default\">\n\t\t\t\t<div class=\"elementor-widget-container\">\n\t\t\t\t\t\t\t\t\t<p>Analizamos tu sistema de iluminaci\u00f3n y determinamos la forma m\u00e1s sencilla de integrarnos<\/p>\t\t\t\t\t\t\t\t<\/div>\n\t\t\t\t<\/div>\n\t\t\t\t\t<\/div>\n\t\t<\/div>\n\t\t\t\t<div class=\"elementor-column elementor-col-25 elementor-inner-column elementor-element elementor-element-644d086\" data-id=\"644d086\" data-element_type=\"column\" data-e-type=\"column\">\n\t\t\t<div class=\"elementor-widget-wrap\">\n\t\t\t\t\t\t\t<\/div>\n\t\t<\/div>\n\t\t\t\t\t<\/div>\n\t\t<\/section>\n\t\t\t\t\t<\/div>\n\t\t<\/div>\n\t\t\t\t\t<\/div>\n\t\t<\/section>\n\t\t<div class=\"elementor-element elementor-element-7a58e1e e-flex e-con-boxed e-con e-parent\" data-id=\"7a58e1e\" data-element_type=\"container\" data-e-type=\"container\">\n\t\t\t\t\t<div class=\"e-con-inner\">\n\t\t\t\t<div class=\"elementor-element elementor-element-4e5cc35 elementor-widget elementor-widget-heading\" data-id=\"4e5cc35\" data-element_type=\"widget\" data-e-type=\"widget\" data-widget_type=\"heading.default\">\n\t\t\t\t<div class=\"elementor-widget-container\">\n\t\t\t\t\t<h2 class=\"elementor-heading-title elementor-size-default\">Video del proyecto<\/h2>\t\t\t\t<\/div>\n\t\t\t\t<\/div>\n\t\t\t\t\t<\/div>\n\t\t\t\t<\/div>\n\t\t<div class=\"elementor-element elementor-element-2e2d7af e-flex e-con-boxed e-con e-parent\" data-id=\"2e2d7af\" data-element_type=\"container\" data-e-type=\"container\">\n\t\t\t\t\t<div class=\"e-con-inner\">\n\t\t\t\t<div class=\"elementor-element elementor-element-ae909df elementor-widget elementor-widget-video\" data-id=\"ae909df\" data-element_type=\"widget\" data-e-type=\"widget\" data-settings=\"{&quot;video_type&quot;:&quot;hosted&quot;,&quot;show_image_overlay&quot;:&quot;yes&quot;,&quot;image_overlay&quot;:{&quot;url&quot;:&quot;https:\\\/\\\/automatsoft.com\\\/website\\\/wp-content\\\/uploads\\\/2025\\\/07\\\/logo-automat-new-v4.png&quot;,&quot;id&quot;:2345,&quot;size&quot;:&quot;&quot;,&quot;alt&quot;:&quot;&quot;,&quot;source&quot;:&quot;library&quot;},&quot;lightbox&quot;:&quot;yes&quot;,&quot;controls&quot;:&quot;yes&quot;}\" data-widget_type=\"video.default\">\n\t\t\t\t<div class=\"elementor-widget-container\">\n\t\t\t\t\t\t\t<div class=\"e-hosted-video elementor-wrapper elementor-open-lightbox\">\n\t\t\t\t\t\t\t<div class=\"elementor-custom-embed-image-overlay\" data-elementor-open-lightbox=\"yes\" data-elementor-lightbox=\"{&quot;type&quot;:&quot;video&quot;,&quot;videoType&quot;:&quot;hosted&quot;,&quot;url&quot;:&quot;https:\\\/\\\/automatsoft.com\\\/website\\\/wp-content\\\/uploads\\\/2026\\\/03\\\/Diseno-sin-titulo-8.mp4&quot;,&quot;autoplay&quot;:&quot;&quot;,&quot;modalOptions&quot;:{&quot;id&quot;:&quot;elementor-lightbox-ae909df&quot;,&quot;entranceAnimation&quot;:&quot;&quot;,&quot;entranceAnimation_tablet&quot;:&quot;&quot;,&quot;entranceAnimation_mobile&quot;:&quot;&quot;,&quot;videoAspectRatio&quot;:&quot;219&quot;},&quot;videoParams&quot;:{&quot;controls&quot;:&quot;&quot;,&quot;preload&quot;:&quot;metadata&quot;,&quot;controlsList&quot;:&quot;nodownload&quot;,&quot;poster&quot;:&quot;https:\\\/\\\/automatsoft.com\\\/website\\\/wp-content\\\/uploads\\\/2025\\\/08\\\/Elemento-caja-modulo-POS-jpg.jpg&quot;}}\" data-e-action-hash=\"#elementor-action%3Aaction%3Dlightbox%26settings%3DeyJ0eXBlIjoidmlkZW8iLCJ2aWRlb1R5cGUiOiJob3N0ZWQiLCJ1cmwiOiJodHRwczpcL1wvYXV0b21hdHNvZnQuY29tXC93ZWJzaXRlXC93cC1jb250ZW50XC91cGxvYWRzXC8yMDI2XC8wM1wvRGlzZW5vLXNpbi10aXR1bG8tOC5tcDQiLCJhdXRvcGxheSI6IiIsIm1vZGFsT3B0aW9ucyI6eyJpZCI6ImVsZW1lbnRvci1saWdodGJveC1hZTkwOWRmIiwiZW50cmFuY2VBbmltYXRpb24iOiIiLCJlbnRyYW5jZUFuaW1hdGlvbl90YWJsZXQiOiIiLCJlbnRyYW5jZUFuaW1hdGlvbl9tb2JpbGUiOiIiLCJ2aWRlb0FzcGVjdFJhdGlvIjoiMjE5In0sInZpZGVvUGFyYW1zIjp7ImNvbnRyb2xzIjoiIiwicHJlbG9hZCI6Im1ldGFkYXRhIiwiY29udHJvbHNMaXN0Ijoibm9kb3dubG9hZCIsInBvc3RlciI6Imh0dHBzOlwvXC9hdXRvbWF0c29mdC5jb21cL3dlYnNpdGVcL3dwLWNvbnRlbnRcL3VwbG9hZHNcLzIwMjVcLzA4XC9FbGVtZW50by1jYWphLW1vZHVsby1QT1MtanBnLmpwZyJ9fQ%3D%3D\">\n\t\t\t\t\t\t\t\t\t\t\t<img loading=\"lazy\" decoding=\"async\" width=\"768\" height=\"325\" src=\"https:\/\/automatsoft.com\/website\/wp-content\/uploads\/2025\/07\/logo-automat-new-v4-768x325.png\" class=\"attachment-medium_large size-medium_large wp-image-2345\" alt=\"\" srcset=\"https:\/\/automatsoft.com\/website\/wp-content\/uploads\/2025\/07\/logo-automat-new-v4-768x325.png 768w, https:\/\/automatsoft.com\/website\/wp-content\/uploads\/2025\/07\/logo-automat-new-v4-300x127.png 300w, https:\/\/automatsoft.com\/website\/wp-content\/uploads\/2025\/07\/logo-automat-new-v4-1024x433.png 1024w, https:\/\/automatsoft.com\/website\/wp-content\/uploads\/2025\/07\/logo-automat-new-v4-1536x650.png 1536w, https:\/\/automatsoft.com\/website\/wp-content\/uploads\/2025\/07\/logo-automat-new-v4-2048x866.png 2048w\" sizes=\"(max-width: 768px) 100vw, 768px\" \/>\t\t\t\t\t\t\t\t\t\t\t\t\t\t\t\t<div class=\"elementor-custom-embed-play\" role=\"button\" aria-label=\"Reproducir v\u00eddeo\" tabindex=\"0\">\n\t\t\t\t\t\t\t<svg aria-hidden=\"true\" class=\"e-font-icon-svg e-eicon-play\" viewBox=\"0 0 1000 1000\" xmlns=\"http:\/\/www.w3.org\/2000\/svg\"><path d=\"M838 162C746 71 633 25 500 25 371 25 258 71 163 162 71 254 25 367 25 500 25 633 71 746 163 837 254 929 367 979 500 979 633 979 746 933 838 837 929 746 975 633 975 500 975 367 929 254 838 162M808 192C892 279 933 379 933 500 933 621 892 725 808 808 725 892 621 938 500 938 379 938 279 896 196 808 113 725 67 621 67 500 67 379 108 279 196 192 279 108 383 62 500 62 621 62 721 108 808 192M438 392V642L642 517 438 392Z\"><\/path><\/svg>\t\t\t\t\t\t<\/div>\n\t\t\t\t\t\t\t\t\t<\/div>\n\t\t\t\t\t<\/div>\n\t\t\t\t\t\t<\/div>\n\t\t\t\t<\/div>\n\t\t\t\t\t<\/div>\n\t\t\t\t<\/div>\n\t\t<div class=\"elementor-element elementor-element-c92cb01 e-flex e-con-boxed e-con e-parent\" data-id=\"c92cb01\" data-element_type=\"container\" data-e-type=\"container\">\n\t\t\t\t\t<div class=\"e-con-inner\">\n\t\t\t\t<div class=\"elementor-element elementor-element-603e294 elementor-align-center elementor-widget elementor-widget-button\" data-id=\"603e294\" data-element_type=\"widget\" data-e-type=\"widget\" data-widget_type=\"button.default\">\n\t\t\t\t<div class=\"elementor-widget-container\">\n\t\t\t\t\t\t\t\t\t<div class=\"elementor-button-wrapper\">\n\t\t\t\t\t<a class=\"elementor-button elementor-button-link elementor-size-sm\" href=\"https:\/\/api.whatsapp.com\/send\/?phone=573014445752&#038;text=Buen+d%C3%ADa%2C+quiero+saber+sobre+el+Control+Iluminacion&#038;type=phone_number&#038;app_absent=0\" target=\"_blank\">\n\t\t\t\t\t\t<span class=\"elementor-button-content-wrapper\">\n\t\t\t\t\t\t\t\t\t<span class=\"elementor-button-text\">Agenda ya tu CITA<\/span>\n\t\t\t\t\t<\/span>\n\t\t\t\t\t<\/a>\n\t\t\t\t<\/div>\n\t\t\t\t\t\t\t\t<\/div>\n\t\t\t\t<\/div>\n\t\t\t\t\t<\/div>\n\t\t\t\t<\/div>\n\t\t\t\t<\/div>\n\t\t","protected":false},"excerpt":{"rendered":"<p>Control iluminaci\u00f3n Iluminaci\u00f3n inteligente para fachadas grandes: control digital, efectos din\u00e1micos, bajo consumo, f\u00e1cil configuraci\u00f3n y m\u00e1ximo impacto visual para destacar tu espacio. F\u00e1cil configuraci\u00f3n No necesitas tener personal especializado para cambiar tus colores, hazlo tu mismo! Control total de los colores El sistema cuenta con 20 colores y combinaciones de colores seg\u00fan la etapa [&hellip;]<\/p>\n","protected":false},"author":1,"featured_media":0,"parent":0,"menu_order":0,"comment_status":"closed","ping_status":"closed","template":"","meta":{"_uag_custom_page_level_css":"","site-sidebar-layout":"no-sidebar","site-content-layout":"page-builder","ast-site-content-layout":"full-width-container","site-content-style":"default","site-sidebar-style":"default","ast-global-header-display":"","ast-banner-title-visibility":"","ast-main-header-display":"","ast-hfb-above-header-display":"","ast-hfb-below-header-display":"","ast-hfb-mobile-header-display":"","site-post-title":"disabled","ast-breadcrumbs-content":"","ast-featured-img":"disabled","footer-sml-layout":"","theme-transparent-header-meta":"","adv-header-id-meta":"","stick-header-meta":"","header-above-stick-meta":"","header-main-stick-meta":"","header-below-stick-meta":"","astra-migrate-meta-layouts":"set","ast-page-background-enabled":"default","ast-page-background-meta":{"desktop":{"background-color":"","background-image":"","background-repeat":"repeat","background-position":"center center","background-size":"auto","background-attachment":"scroll","background-type":"","background-media":"","overlay-type":"","overlay-color":"","overlay-opacity":"","overlay-gradient":""},"tablet":{"background-color":"","background-image":"","background-repeat":"repeat","background-position":"center center","background-size":"auto","background-attachment":"scroll","background-type":"","background-media":"","overlay-type":"","overlay-color":"","overlay-opacity":"","overlay-gradient":""},"mobile":{"background-color":"","background-image":"","background-repeat":"repeat","background-position":"center center","background-size":"auto","background-attachment":"scroll","background-type":"","background-media":"","overlay-type":"","overlay-color":"","overlay-opacity":"","overlay-gradient":""}},"ast-content-background-meta":{"desktop":{"background-color":"var(--ast-global-color-5)","background-image":"","background-repeat":"repeat","background-position":"center center","background-size":"auto","background-attachment":"scroll","background-type":"","background-media":"","overlay-type":"","overlay-color":"","overlay-opacity":"","overlay-gradient":""},"tablet":{"background-color":"var(--ast-global-color-5)","background-image":"","background-repeat":"repeat","background-position":"center center","background-size":"auto","background-attachment":"scroll","background-type":"","background-media":"","overlay-type":"","overlay-color":"","overlay-opacity":"","overlay-gradient":""},"mobile":{"background-color":"var(--ast-global-color-5)","background-image":"","background-repeat":"repeat","background-position":"center center","background-size":"auto","background-attachment":"scroll","background-type":"","background-media":"","overlay-type":"","overlay-color":"","overlay-opacity":"","overlay-gradient":""}},"footnotes":""},"class_list":["post-2920","page","type-page","status-publish","hentry"],"uagb_featured_image_src":{"full":false,"thumbnail":false,"medium":false,"medium_large":false,"large":false,"1536x1536":false,"2048x2048":false},"uagb_author_info":{"display_name":"adminsite","author_link":"https:\/\/automatsoft.com\/website\/author\/adminsite\/"},"uagb_comment_info":0,"uagb_excerpt":"Control iluminaci\u00f3n Iluminaci\u00f3n inteligente para fachadas grandes: control digital, efectos din\u00e1micos, bajo consumo, f\u00e1cil configuraci\u00f3n y m\u00e1ximo impacto visual para destacar tu espacio. F\u00e1cil configuraci\u00f3n No necesitas tener personal especializado para cambiar tus colores, hazlo tu mismo! Control total de los colores El sistema cuenta con 20 colores y combinaciones de colores seg\u00fan la etapa&hellip;","_links":{"self":[{"href":"https:\/\/automatsoft.com\/website\/wp-json\/wp\/v2\/pages\/2920","targetHints":{"allow":["GET"]}}],"collection":[{"href":"https:\/\/automatsoft.com\/website\/wp-json\/wp\/v2\/pages"}],"about":[{"href":"https:\/\/automatsoft.com\/website\/wp-json\/wp\/v2\/types\/page"}],"author":[{"embeddable":true,"href":"https:\/\/automatsoft.com\/website\/wp-json\/wp\/v2\/users\/1"}],"replies":[{"embeddable":true,"href":"https:\/\/automatsoft.com\/website\/wp-json\/wp\/v2\/comments?post=2920"}],"version-history":[{"count":16,"href":"https:\/\/automatsoft.com\/website\/wp-json\/wp\/v2\/pages\/2920\/revisions"}],"predecessor-version":[{"id":3118,"href":"https:\/\/automatsoft.com\/website\/wp-json\/wp\/v2\/pages\/2920\/revisions\/3118"}],"wp:attachment":[{"href":"https:\/\/automatsoft.com\/website\/wp-json\/wp\/v2\/media?parent=2920"}],"curies":[{"name":"wp","href":"https:\/\/api.w.org\/{rel}","templated":true}]}}